{"id":10210,"date":"2021-04-25T08:52:02","date_gmt":"2021-04-25T08:52:02","guid":{"rendered":"https:\/\/tripzum.com\/about-us\/"},"modified":"2023-02-17T18:38:18","modified_gmt":"2023-02-17T18:38:18","slug":"about-us","status":"publish","type":"page","link":"https:\/\/tripzum.com\/it\/about-us\/","title":{"rendered":"About Us"},"content":{"rendered":"<p>[vc_row][vc_column][vc_empty_space height=&#8221;60px&#8221;][\/vc_column][\/vc_row][vc_row][vc_column width=&#8221;1\/2&#8243;][vc_single_image image=&#8221;9267&#8243; img_size=&#8221;full&#8221; alignment=&#8221;center&#8221; css_animation=&#8221;none&#8221;][vc_column_text el_class=&#8221;st-aboutus-title&#8221;]<\/p>\n<h3>Chi siamo<\/h3>\n<p>[\/vc_column_text][vc_column_text el_class=&#8221;st-aboutus-content&#8221;]Tripzum \u00e8 il nuovo brand di My Tour in Italy specializzato nella realizzazione di <strong>viaggi su misura<\/strong> e <strong>servizi di alta qualit\u00e0<\/strong> in tutta Italia. Il nostro obiettivo \u00e8 creare per i nostri clienti\u00a0<strong>esperienze uniche ed esclusive<\/strong>\u00a0con <strong>cura artigianale<\/strong>\u00a0ad ogni singolo dettaglio.<\/p>\n<p>[\/vc_column_text][vc_empty_space height=&#8221;30px&#8221;][\/vc_column][vc_column width=&#8221;1\/2&#8243;][vc_single_image image=&#8221;10491&#8243; img_size=&#8221;full&#8221; alignment=&#8221;center&#8221; css_animation=&#8221;none&#8221;][vc_column_text el_class=&#8221;st-aboutus-title&#8221;]<\/p>\n<h3>La nostra missione<\/h3>\n<p>[\/vc_column_text][vc_column_text el_class=&#8221;st-aboutus-content&#8221;]<\/p>\n<div class=\"wpb_text_column wpb_content_element \">\n<div class=\"wpb_wrapper\">\n<p>Il nostro staff \u00e8 composto da <strong>guide turistiche<\/strong> ed <strong>insegnanti di storia dell&#8217;arte\u00a0<\/strong>nati e cresciuti in Italia, che hanno lavorato per anni viaggiando in tutto il Paese. Possiamo aiutarti a<strong> scoprire i\u00a0tesori nascosti<\/strong>\u00a0ed il <strong>lato autentico<\/strong> delle piu&#8217; belle citta&#8217; italiane!\u00a0Lavoriamo\u00a0a stretto contatto con <strong>i migliori<\/strong>\u00a0<strong>tour operator\u00a0<\/strong>per\u00a0offrirti\u00a0esperienze indimenticabili.<\/p>\n<p>&nbsp;<\/p>\n<\/div>\n<\/div>\n<p>[\/vc_column_text][vc_empty_space height=&#8221;30px&#8221;][\/vc_column][\/vc_row][vc_row][vc_column][vc_empty_space height=&#8221;20px&#8221;]<div class=\"st-list-statistic\"><div class=\"row\">            <div class=\"col-md-3 col-sm-6\">\r\n                <div class=\"item-wrapper\">\r\n                    <div class=\"item\">\r\n                        <div class=\"front\">\r\n                            <div class=\"inner\">\r\n                                <h4>10+<\/h4>\r\n                                <p class=\"sub-text\">Anni di Esperienza<\/p>\r\n                            <\/div>\r\n                        <\/div>\r\n                        <div class=\"end\">\r\n                            <p class=\"desc\"><\/p>\r\n                        <\/div>\r\n                    <\/div>\r\n                <\/div>\r\n            <\/div>\r\n                        <div class=\"col-md-3 col-sm-6\">\r\n                <div class=\"item-wrapper\">\r\n                    <div class=\"item\">\r\n                        <div class=\"front\">\r\n                            <div class=\"inner\">\r\n                                <h4>100+<\/h4>\r\n                                <p class=\"sub-text\">Tour accompagnati<\/p>\r\n                            <\/div>\r\n                        <\/div>\r\n                        <div class=\"end\">\r\n                            <p class=\"desc\"><\/p>\r\n                        <\/div>\r\n                    <\/div>\r\n                <\/div>\r\n            <\/div>\r\n                        <div class=\"col-md-3 col-sm-6\">\r\n                <div class=\"item-wrapper\">\r\n                    <div class=\"item\">\r\n                        <div class=\"front\">\r\n                            <div class=\"inner\">\r\n                                <h4>50+<\/h4>\r\n                                <p class=\"sub-text\">Destinazioni<\/p>\r\n                            <\/div>\r\n                        <\/div>\r\n                        <div class=\"end\">\r\n                            <p class=\"desc\"><\/p>\r\n                        <\/div>\r\n                    <\/div>\r\n                <\/div>\r\n            <\/div>\r\n                        <div class=\"col-md-3 col-sm-6\">\r\n                <div class=\"item-wrapper\">\r\n                    <div class=\"item\">\r\n                        <div class=\"front\">\r\n                            <div class=\"inner\">\r\n                                <h4>40k+<\/h4>\r\n                                <p class=\"sub-text\">Prenotazioni<\/p>\r\n                            <\/div>\r\n                        <\/div>\r\n                        <div class=\"end\">\r\n                            <p class=\"desc\"><\/p>\r\n                        <\/div>\r\n                    <\/div>\r\n                <\/div>\r\n            <\/div>\r\n            <\/div><\/div>[\/vc_column][\/vc_row][vc_row][vc_column][vc_empty_space height=&#8221;30px&#8221;][vc_column_text el_class=&#8221;st-aboutus-title&#8221;]<\/p>\n<h3>Contatti<\/h3>\n<p>[\/vc_column_text][\/vc_column][\/vc_row][vc_row][vc_column width=&#8221;1\/2&#8243;][vc_single_image image=&#8221;10465&#8243; img_size=&#8221;full&#8221; alignment=&#8221;center&#8221; css_animation=&#8221;none&#8221;][vc_column_text el_class=&#8221;st-aboutus-title&#8221;]<\/p>\n<h3>Francesco Querci<\/h3>\n<p>[\/vc_column_text][vc_column_text el_class=&#8221;st-aboutus-content&#8221;]<strong>Presidente e Fondatore<\/strong><\/p>\n<p>Francesco ha iniziato la sua carriera di accompagnatore turistico e guida locale, oltre 20 anni fa. \u00c8 un vero esperto della cultura italiana ed ha una profonda passione per i viaggi e per la scoperta dei lati piu&#8217; nascosti del suo bellissimo Paese. Il suo obiettivo \u00e8 personalizzare per ogni cliente esperienze di viaggio uniche ed indimenticabili!<\/p>\n<p><i class=\"fa fa-envelope\" aria-hidden=\"true\"><\/i>\u00a0<a href=\"mailto:francesco@tripzum.com\">francesco@tripzum.com<\/a><br \/>\n<i class=\"fa fa-envelope\" aria-hidden=\"true\"><\/i>\u00a0<a href=\"mailto:francesco@mytourinitaly.com\">francesco@mytourinitaly.com<\/a>[\/vc_column_text][vc_empty_space height=&#8221;30px&#8221;][\/vc_column][vc_column width=&#8221;1\/2&#8243;][vc_single_image image=&#8221;10468&#8243; img_size=&#8221;full&#8221; alignment=&#8221;center&#8221; css_animation=&#8221;none&#8221;][vc_column_text el_class=&#8221;st-aboutus-title&#8221;]<\/p>\n<h3>Amber Shellenberger<\/h3>\n<p>[\/vc_column_text][vc_column_text el_class=&#8221;st-aboutus-content&#8221;]<strong>Prenotazioni ed Assistenza<\/strong><\/p>\n<p>Amber ha lavorato come insegnante e consulente di viaggi negli Stati Uniti ed in Italia ed ha accompagnato per molti anni gruppi di studenti ed adulti alla scoperta del Bel Paese.Dopo essersi trasferita a Roma, ha iniziato a collaborare con My Tour In Italy ed adesso Tripzum nell&#8217;ufficio prenotazioni ed assistenza alla clientela.<\/p>\n<p><i class=\"fa fa-envelope\" aria-hidden=\"true\"><\/i>\u00a0<a href=\"mailto:amber@tripzum.com\">amber@tripzum.com<\/a><br \/>\n<i class=\"fa fa-envelope\" aria-hidden=\"true\"><\/i>\u00a0<a href=\"mailto:amber@mytourinitaly.com\">amber@mytourinitaly.com<\/a>[\/vc_column_text][vc_empty_space height=&#8221;30px&#8221;][\/vc_column][\/vc_row]<\/p>\n","protected":false},"excerpt":{"rendered":"<p>[vc_row][vc_column][vc_empty_space height=&#8221;60px&#8221;][\/vc_column][\/vc_row][vc_row][vc_column width=&#8221;1\/2&#8243;][vc_single_image image=&#8221;9267&#8243; img_size=&#8221;full&#8221; alignment=&#8221;center&#8221; css_animation=&#8221;none&#8221;][vc_column_text el_class=&#8221;st-aboutus-title&#8221;] Chi siamo [\/vc_column_text][vc_column_text el_class=&#8221;st-aboutus-content&#8221;]Tripzum \u00e8 il nuovo brand di My Tour in Italy specializzato nella realizzazione di viaggi su misura e servizi di alta qualit\u00e0 in tutta Italia. Il nostro obiettivo \u00e8 creare per i nostri clienti\u00a0esperienze uniche ed esclusive\u00a0con cura artigianale\u00a0ad ogni singolo dettaglio. [\/vc_column_text][vc_empty_space height=&#8221;30px&#8221;][\/vc_column][vc_column [&hellip;]<\/p>\n","protected":false},"author":2,"featured_media":10187,"parent":0,"menu_order":1,"comment_status":"closed","ping_status":"closed","template":"template-home-modern.php","meta":[],"yoast_head":"<!-- This site is optimized with the Yoast SEO plugin v20.10 - https:\/\/yoast.com\/wordpress\/plugins\/seo\/ -->\n<title>About Us - Tripzum<\/title>\n<meta name=\"robots\" content=\"index, follow, max-snippet:-1, max-image-preview:large, max-video-preview:-1\" \/>\n<link rel=\"canonical\" href=\"https:\/\/tripzum.com\/it\/about-us\/\" \/>\n<meta property=\"og:locale\" content=\"it_IT\" \/>\n<meta property=\"og:type\" content=\"article\" \/>\n<meta property=\"og:title\" content=\"About Us - Tripzum\" \/>\n<meta property=\"og:description\" content=\"[vc_row][vc_column][vc_empty_space height=&#8221;60px&#8221;][\/vc_column][\/vc_row][vc_row][vc_column width=&#8221;1\/2&#8243;][vc_single_image image=&#8221;9267&#8243; img_size=&#8221;full&#8221; alignment=&#8221;center&#8221; css_animation=&#8221;none&#8221;][vc_column_text el_class=&#8221;st-aboutus-title&#8221;] Chi siamo [\/vc_column_text][vc_column_text el_class=&#8221;st-aboutus-content&#8221;]Tripzum \u00e8 il nuovo brand di My Tour in Italy specializzato nella realizzazione di viaggi su misura e servizi di alta qualit\u00e0 in tutta Italia. Il nostro obiettivo \u00e8 creare per i nostri clienti\u00a0esperienze uniche ed esclusive\u00a0con cura artigianale\u00a0ad ogni singolo dettaglio. [\/vc_column_text][vc_empty_space height=&#8221;30px&#8221;][\/vc_column][vc_column [&hellip;]\" \/>\n<meta property=\"og:url\" content=\"https:\/\/tripzum.com\/it\/about-us\/\" \/>\n<meta property=\"og:site_name\" content=\"Tripzum\" \/>\n<meta property=\"article:publisher\" content=\"https:\/\/www.facebook.com\/mytourinitaly\" \/>\n<meta property=\"article:modified_time\" content=\"2023-02-17T18:38:18+00:00\" \/>\n<meta property=\"og:image\" content=\"https:\/\/tripzum.com\/wp-content\/uploads\/2020\/05\/slide1.jpg\" \/>\n\t<meta property=\"og:image:width\" content=\"1200\" \/>\n\t<meta property=\"og:image:height\" content=\"900\" \/>\n\t<meta property=\"og:image:type\" content=\"image\/jpeg\" \/>\n<meta name=\"twitter:card\" content=\"summary_large_image\" \/>\n<meta name=\"twitter:label1\" content=\"Tempo di lettura stimato\" \/>\n\t<meta name=\"twitter:data1\" content=\"3 minuti\" \/>\n<script type=\"application\/ld+json\" class=\"yoast-schema-graph\">{\"@context\":\"https:\/\/schema.org\",\"@graph\":[{\"@type\":\"WebPage\",\"@id\":\"https:\/\/tripzum.com\/it\/about-us\/\",\"url\":\"https:\/\/tripzum.com\/it\/about-us\/\",\"name\":\"About Us - Tripzum\",\"isPartOf\":{\"@id\":\"https:\/\/tripzum.com\/#website\"},\"datePublished\":\"2021-04-25T08:52:02+00:00\",\"dateModified\":\"2023-02-17T18:38:18+00:00\",\"breadcrumb\":{\"@id\":\"https:\/\/tripzum.com\/it\/about-us\/#breadcrumb\"},\"inLanguage\":\"it-IT\",\"potentialAction\":[{\"@type\":\"ReadAction\",\"target\":[\"https:\/\/tripzum.com\/it\/about-us\/\"]}]},{\"@type\":\"BreadcrumbList\",\"@id\":\"https:\/\/tripzum.com\/it\/about-us\/#breadcrumb\",\"itemListElement\":[{\"@type\":\"ListItem\",\"position\":1,\"name\":\"Home\",\"item\":\"https:\/\/tripzum.com\/it\/\"},{\"@type\":\"ListItem\",\"position\":2,\"name\":\"About Us\"}]},{\"@type\":\"WebSite\",\"@id\":\"https:\/\/tripzum.com\/#website\",\"url\":\"https:\/\/tripzum.com\/\",\"name\":\"Tripzum by My Tour in Italy\",\"description\":\"Let us organize your tour!\",\"publisher\":{\"@id\":\"https:\/\/tripzum.com\/#organization\"},\"potentialAction\":[{\"@type\":\"SearchAction\",\"target\":{\"@type\":\"EntryPoint\",\"urlTemplate\":\"https:\/\/tripzum.com\/?s={search_term_string}\"},\"query-input\":\"required name=search_term_string\"}],\"inLanguage\":\"it-IT\"},{\"@type\":\"Organization\",\"@id\":\"https:\/\/tripzum.com\/#organization\",\"name\":\"Tripzum\",\"url\":\"https:\/\/tripzum.com\/\",\"logo\":{\"@type\":\"ImageObject\",\"inLanguage\":\"it-IT\",\"@id\":\"https:\/\/tripzum.com\/#\/schema\/logo\/image\/\",\"url\":\"https:\/\/via.placeholder.com\/300x200\",\"contentUrl\":\"https:\/\/via.placeholder.com\/300x200\",\"width\":300,\"height\":200,\"caption\":\"Tripzum\"},\"image\":{\"@id\":\"https:\/\/tripzum.com\/#\/schema\/logo\/image\/\"},\"sameAs\":[\"https:\/\/www.facebook.com\/mytourinitaly\",\"https:\/\/www.instagram.com\/tripzumto\/\"]}]}<\/script>\n<!-- \/ Yoast SEO plugin. -->","yoast_head_json":{"title":"About Us - Tripzum","robots":{"index":"index","follow":"follow","max-snippet":"max-snippet:-1","max-image-preview":"max-image-preview:large","max-video-preview":"max-video-preview:-1"},"canonical":"https:\/\/tripzum.com\/it\/about-us\/","og_locale":"it_IT","og_type":"article","og_title":"About Us - Tripzum","og_description":"[vc_row][vc_column][vc_empty_space height=&#8221;60px&#8221;][\/vc_column][\/vc_row][vc_row][vc_column width=&#8221;1\/2&#8243;][vc_single_image image=&#8221;9267&#8243; img_size=&#8221;full&#8221; alignment=&#8221;center&#8221; css_animation=&#8221;none&#8221;][vc_column_text el_class=&#8221;st-aboutus-title&#8221;] Chi siamo [\/vc_column_text][vc_column_text el_class=&#8221;st-aboutus-content&#8221;]Tripzum \u00e8 il nuovo brand di My Tour in Italy specializzato nella realizzazione di viaggi su misura e servizi di alta qualit\u00e0 in tutta Italia. Il nostro obiettivo \u00e8 creare per i nostri clienti\u00a0esperienze uniche ed esclusive\u00a0con cura artigianale\u00a0ad ogni singolo dettaglio. [\/vc_column_text][vc_empty_space height=&#8221;30px&#8221;][\/vc_column][vc_column [&hellip;]","og_url":"https:\/\/tripzum.com\/it\/about-us\/","og_site_name":"Tripzum","article_publisher":"https:\/\/www.facebook.com\/mytourinitaly","article_modified_time":"2023-02-17T18:38:18+00:00","og_image":[{"width":1200,"height":900,"url":"https:\/\/tripzum.com\/wp-content\/uploads\/2020\/05\/slide1.jpg","type":"image\/jpeg"}],"twitter_card":"summary_large_image","twitter_misc":{"Tempo di lettura stimato":"3 minuti"},"schema":{"@context":"https:\/\/schema.org","@graph":[{"@type":"WebPage","@id":"https:\/\/tripzum.com\/it\/about-us\/","url":"https:\/\/tripzum.com\/it\/about-us\/","name":"About Us - Tripzum","isPartOf":{"@id":"https:\/\/tripzum.com\/#website"},"datePublished":"2021-04-25T08:52:02+00:00","dateModified":"2023-02-17T18:38:18+00:00","breadcrumb":{"@id":"https:\/\/tripzum.com\/it\/about-us\/#breadcrumb"},"inLanguage":"it-IT","potentialAction":[{"@type":"ReadAction","target":["https:\/\/tripzum.com\/it\/about-us\/"]}]},{"@type":"BreadcrumbList","@id":"https:\/\/tripzum.com\/it\/about-us\/#breadcrumb","itemListElement":[{"@type":"ListItem","position":1,"name":"Home","item":"https:\/\/tripzum.com\/it\/"},{"@type":"ListItem","position":2,"name":"About Us"}]},{"@type":"WebSite","@id":"https:\/\/tripzum.com\/#website","url":"https:\/\/tripzum.com\/","name":"Tripzum by My Tour in Italy","description":"Let us organize your tour!","publisher":{"@id":"https:\/\/tripzum.com\/#organization"},"potentialAction":[{"@type":"SearchAction","target":{"@type":"EntryPoint","urlTemplate":"https:\/\/tripzum.com\/?s={search_term_string}"},"query-input":"required name=search_term_string"}],"inLanguage":"it-IT"},{"@type":"Organization","@id":"https:\/\/tripzum.com\/#organization","name":"Tripzum","url":"https:\/\/tripzum.com\/","logo":{"@type":"ImageObject","inLanguage":"it-IT","@id":"https:\/\/tripzum.com\/#\/schema\/logo\/image\/","url":"https:\/\/via.placeholder.com\/300x200","contentUrl":"https:\/\/via.placeholder.com\/300x200","width":300,"height":200,"caption":"Tripzum"},"image":{"@id":"https:\/\/tripzum.com\/#\/schema\/logo\/image\/"},"sameAs":["https:\/\/www.facebook.com\/mytourinitaly","https:\/\/www.instagram.com\/tripzumto\/"]}]}},"_links":{"self":[{"href":"https:\/\/tripzum.com\/it\/wp-json\/wp\/v2\/pages\/10210"}],"collection":[{"href":"https:\/\/tripzum.com\/it\/wp-json\/wp\/v2\/pages"}],"about":[{"href":"https:\/\/tripzum.com\/it\/wp-json\/wp\/v2\/types\/page"}],"author":[{"embeddable":true,"href":"https:\/\/tripzum.com\/it\/wp-json\/wp\/v2\/users\/2"}],"replies":[{"embeddable":true,"href":"https:\/\/tripzum.com\/it\/wp-json\/wp\/v2\/comments?post=10210"}],"version-history":[{"count":14,"href":"https:\/\/tripzum.com\/it\/wp-json\/wp\/v2\/pages\/10210\/revisions"}],"predecessor-version":[{"id":10768,"href":"https:\/\/tripzum.com\/it\/wp-json\/wp\/v2\/pages\/10210\/revisions\/10768"}],"wp:featuredmedia":[{"embeddable":true,"href":"https:\/\/tripzum.com\/it\/wp-json\/wp\/v2\/media\/10187"}],"wp:attachment":[{"href":"https:\/\/tripzum.com\/it\/wp-json\/wp\/v2\/media?parent=10210"}],"curies":[{"name":"wp","href":"https:\/\/api.w.org\/{rel}","templated":true}]}}